{"id":37288,"date":"2025-05-19T11:56:46","date_gmt":"2025-05-19T09:56:46","guid":{"rendered":"https:\/\/preview-grdo.x-tra.it\/prodotto\/bracciale-con-cuore-medio-in-oro-e-cordoncino-nautico\/"},"modified":"2025-05-19T12:07:55","modified_gmt":"2025-05-19T10:07:55","slug":"bracciale-con-cuore-medio-in-oro-e-cordoncino-nautico","status":"publish","type":"product","link":"https:\/\/preview-grdo.x-tra.it\/en\/product\/bracciale-con-cuore-medio-in-oro-e-cordoncino-nautico\/","title":{"rendered":"Bracciale con Cuore medio in oro e cordoncino nautico"},"content":{"rendered":"<p class=\"qtranxs-available-languages-message qtranxs-available-languages-message-en\">Sorry, this entry is only available in <a href=\"https:\/\/preview-grdo.x-tra.it\/it\/wp-json\/wp\/v2\/product\/37288\" class=\"qtranxs-available-language-link qtranxs-available-language-link-it\" title=\"ITA\">ITA<\/a>.<\/p>","protected":false},"excerpt":{"rendered":"<p class=\"qtranxs-available-languages-message qtranxs-available-languages-message-en\">Sorry, this entry is only available in <a href=\"https:\/\/preview-grdo.x-tra.it\/it\/wp-json\/wp\/v2\/product\/37288\" class=\"qtranxs-available-language-link qtranxs-available-language-link-it\" title=\"ITA\">ITA<\/a>.<\/p>","protected":false},"featured_media":36025,"comment_status":"open","ping_status":"closed","template":"","meta":{"_acf_changed":false,"_uag_custom_page_level_css":""},"product_cat":[1279],"product_tag":[],"class_list":{"0":"post-37288","1":"product","2":"type-product","3":"status-publish","4":"has-post-thumbnail","6":"brand-grando-gioielli","7":"line-cordoncini","8":"shops-web","9":"shop_area-gioielleria","11":"first","12":"instock","13":"taxable","14":"shipping-taxable","15":"purchasable","16":"product-type-variable","17":"has-default-attributes"},"acf":[],"gallery_images":[],"yoast_head":"<!-- This site is optimized with the Yoast SEO plugin v22.4 - https:\/\/yoast.com\/wordpress\/plugins\/seo\/ -->\n<title>Bracciale con Cuore medio in oro e cordoncino nautico - Grando gioielli<\/title>\n<meta name=\"robots\" content=\"noindex, follow, max-snippet:-1, max-image-preview:large, max-video-preview:-1\" \/>\n<meta property=\"og:locale\" content=\"en_US\" \/>\n<meta property=\"og:type\" content=\"article\" \/>\n<meta property=\"og:title\" content=\"Bracciale con Cuore medio in oro e cordoncino nautico - Grando gioielli\" \/>\n<meta property=\"og:description\" content=\"(ITA) Un bracciale semplice, ma realizzato con prodotti di qualit\u00e0. Un gioiello da portare in mille occasioni, un regalo da fare a chi ci sta a CUORE. Il ciondolo a forma di cuore \u00e8 realizzato in oro 18 kt ed \u00e8 disponibile in tre varianti di colore, il cordino nautico \u00e8 personalizzabile nella scelta dei colori. Consegnato con certificato di garanzia che certifica le caratteristiche di qualit\u00e0 e preziosit\u00e0.\" \/>\n<meta property=\"og:url\" content=\"https:\/\/preview-grdo.x-tra.it\/en\/prodotto\/bracciale-con-cuore-medio-in-oro-e-cordoncino-nautico\/\" \/>\n<meta property=\"og:site_name\" content=\"Grando gioielli\" \/>\n<meta property=\"article:modified_time\" content=\"2025-05-19T10:07:55+00:00\" \/>\n<meta name=\"twitter:card\" content=\"summary_large_image\" \/>\n<script type=\"application\/ld+json\" class=\"yoast-schema-graph\">{\"@context\":\"https:\/\/schema.org\",\"@graph\":[{\"@type\":\"WebPage\",\"@id\":\"https:\/\/preview-grdo.x-tra.it\/en\/prodotto\/bracciale-con-cuore-medio-in-oro-e-cordoncino-nautico\/\",\"url\":\"https:\/\/preview-grdo.x-tra.it\/en\/prodotto\/bracciale-con-cuore-medio-in-oro-e-cordoncino-nautico\/\",\"name\":\"Bracciale con Cuore medio in oro e cordoncino nautico - Grando gioielli\",\"isPartOf\":{\"@id\":\"https:\/\/preview-grdo.x-tra.it\/en\/#website\"},\"primaryImageOfPage\":{\"@id\":\"https:\/\/preview-grdo.x-tra.it\/en\/prodotto\/bracciale-con-cuore-medio-in-oro-e-cordoncino-nautico\/#primaryimage\"},\"image\":{\"@id\":\"https:\/\/preview-grdo.x-tra.it\/prodotto\/bracciale-con-cuore-medio-in-oro-e-cordoncino-nautico\/#primaryimage\"},\"thumbnailUrl\":\"https:\/\/preview-grdo.x-tra.it\/wp-content\/uploads\/2025\/05\/BFILOCUORE2.OR_.ARANCIONE.jpg\",\"datePublished\":\"2025-05-19T09:56:46+00:00\",\"dateModified\":\"2025-05-19T10:07:55+00:00\",\"breadcrumb\":{\"@id\":\"https:\/\/preview-grdo.x-tra.it\/en\/prodotto\/bracciale-con-cuore-medio-in-oro-e-cordoncino-nautico\/#breadcrumb\"},\"inLanguage\":\"en-US\",\"potentialAction\":[{\"@type\":\"ReadAction\",\"target\":[[\"https:\/\/preview-grdo.x-tra.it\/en\/prodotto\/bracciale-con-cuore-medio-in-oro-e-cordoncino-nautico\/\"]]}]},{\"@type\":\"ImageObject\",\"inLanguage\":\"en-US\",\"@id\":\"https:\/\/preview-grdo.x-tra.it\/en\/prodotto\/bracciale-con-cuore-medio-in-oro-e-cordoncino-nautico\/#primaryimage\",\"url\":\"https:\/\/preview-grdo.x-tra.it\/wp-content\/uploads\/2025\/05\/BFILOCUORE2.OR_.ARANCIONE.jpg\",\"contentUrl\":\"https:\/\/preview-grdo.x-tra.it\/wp-content\/uploads\/2025\/05\/BFILOCUORE2.OR_.ARANCIONE.jpg\",\"width\":2000,\"height\":2000,\"caption\":\"BFILOCUORE2.OR.ARANCIONE.jpg\"},{\"@type\":\"BreadcrumbList\",\"@id\":\"https:\/\/preview-grdo.x-tra.it\/en\/prodotto\/bracciale-con-cuore-medio-in-oro-e-cordoncino-nautico\/#breadcrumb\",\"itemListElement\":[{\"@type\":\"ListItem\",\"position\":1,\"name\":\"Home\",\"item\":\"https:\/\/preview-grdo.x-tra.it\/en\/\"},{\"@type\":\"ListItem\",\"position\":2,\"name\":\"Shop\",\"item\":\"https:\/\/preview-grdo.x-tra.it\/en\/negozio\/\"},{\"@type\":\"ListItem\",\"position\":3,\"name\":\"Bracciale con Cuore medio in oro e cordoncino nautico\"}]},{\"@type\":\"WebSite\",\"@id\":\"https:\/\/preview-grdo.x-tra.it\/en\/#website\",\"url\":\"https:\/\/preview-grdo.x-tra.it\/en\/\",\"name\":\"Grando gioielli\",\"description\":\"\",\"publisher\":{\"@id\":\"https:\/\/preview-grdo.x-tra.it\/en\/#organization\"},\"potentialAction\":[{\"@type\":\"SearchAction\",\"target\":{\"@type\":\"EntryPoint\",\"urlTemplate\":\"https:\/\/preview-grdo.x-tra.it\/en\/?s={search_term_string}\"},\"query-input\":\"required name=search_term_string\"}],\"inLanguage\":\"en-US\"},{\"@type\":\"Organization\",\"@id\":\"https:\/\/preview-grdo.x-tra.it\/en\/#organization\",\"name\":\"Grando\",\"url\":\"https:\/\/preview-grdo.x-tra.it\/en\/\",\"logo\":{\"@type\":\"ImageObject\",\"inLanguage\":\"en-US\",\"@id\":\"https:\/\/preview-grdo.x-tra.it\/en\/#\/schema\/logo\/image\/\",\"url\":\"https:\/\/preview-grdo.x-tra.it\/wp-content\/uploads\/2018\/10\/grandogioielli_logo_black.png\",\"contentUrl\":\"https:\/\/preview-grdo.x-tra.it\/wp-content\/uploads\/2018\/10\/grandogioielli_logo_black.png\",\"width\":197,\"height\":102,\"caption\":\"Grando\"},\"image\":{\"@id\":\"https:\/\/preview-grdo.x-tra.it\/en\/#\/schema\/logo\/image\/\"}}]}<\/script>\n<!-- \/ Yoast SEO plugin. -->","yoast_head_json":{"title":"Bracciale con Cuore medio in oro e cordoncino nautico - Grando gioielli","robots":{"index":"noindex","follow":"follow","max-snippet":"max-snippet:-1","max-image-preview":"max-image-preview:large","max-video-preview":"max-video-preview:-1"},"og_locale":"en_US","og_type":"article","og_title":"Bracciale con Cuore medio in oro e cordoncino nautico - Grando gioielli","og_description":"(ITA) Un bracciale semplice, ma realizzato con prodotti di qualit\u00e0. Un gioiello da portare in mille occasioni, un regalo da fare a chi ci sta a CUORE. Il ciondolo a forma di cuore \u00e8 realizzato in oro 18 kt ed \u00e8 disponibile in tre varianti di colore, il cordino nautico \u00e8 personalizzabile nella scelta dei colori. Consegnato con certificato di garanzia che certifica le caratteristiche di qualit\u00e0 e preziosit\u00e0.","og_url":"https:\/\/preview-grdo.x-tra.it\/en\/prodotto\/bracciale-con-cuore-medio-in-oro-e-cordoncino-nautico\/","og_site_name":"Grando gioielli","article_modified_time":"2025-05-19T10:07:55+00:00","twitter_card":"summary_large_image","schema":{"@context":"https:\/\/schema.org","@graph":[{"@type":"WebPage","@id":"https:\/\/preview-grdo.x-tra.it\/en\/prodotto\/bracciale-con-cuore-medio-in-oro-e-cordoncino-nautico\/","url":"https:\/\/preview-grdo.x-tra.it\/en\/prodotto\/bracciale-con-cuore-medio-in-oro-e-cordoncino-nautico\/","name":"Bracciale con Cuore medio in oro e cordoncino nautico - Grando gioielli","isPartOf":{"@id":"https:\/\/preview-grdo.x-tra.it\/en\/#website"},"primaryImageOfPage":{"@id":"https:\/\/preview-grdo.x-tra.it\/en\/prodotto\/bracciale-con-cuore-medio-in-oro-e-cordoncino-nautico\/#primaryimage"},"image":{"@id":"https:\/\/preview-grdo.x-tra.it\/prodotto\/bracciale-con-cuore-medio-in-oro-e-cordoncino-nautico\/#primaryimage"},"thumbnailUrl":"https:\/\/preview-grdo.x-tra.it\/wp-content\/uploads\/2025\/05\/BFILOCUORE2.OR_.ARANCIONE.jpg","datePublished":"2025-05-19T09:56:46+00:00","dateModified":"2025-05-19T10:07:55+00:00","breadcrumb":{"@id":"https:\/\/preview-grdo.x-tra.it\/en\/prodotto\/bracciale-con-cuore-medio-in-oro-e-cordoncino-nautico\/#breadcrumb"},"inLanguage":"en-US","potentialAction":[{"@type":"ReadAction","target":[["https:\/\/preview-grdo.x-tra.it\/en\/prodotto\/bracciale-con-cuore-medio-in-oro-e-cordoncino-nautico\/"]]}]},{"@type":"ImageObject","inLanguage":"en-US","@id":"https:\/\/preview-grdo.x-tra.it\/en\/prodotto\/bracciale-con-cuore-medio-in-oro-e-cordoncino-nautico\/#primaryimage","url":"https:\/\/preview-grdo.x-tra.it\/wp-content\/uploads\/2025\/05\/BFILOCUORE2.OR_.ARANCIONE.jpg","contentUrl":"https:\/\/preview-grdo.x-tra.it\/wp-content\/uploads\/2025\/05\/BFILOCUORE2.OR_.ARANCIONE.jpg","width":2000,"height":2000,"caption":"BFILOCUORE2.OR.ARANCIONE.jpg"},{"@type":"BreadcrumbList","@id":"https:\/\/preview-grdo.x-tra.it\/en\/prodotto\/bracciale-con-cuore-medio-in-oro-e-cordoncino-nautico\/#breadcrumb","itemListElement":[{"@type":"ListItem","position":1,"name":"Home","item":"https:\/\/preview-grdo.x-tra.it\/en\/"},{"@type":"ListItem","position":2,"name":"Shop","item":"https:\/\/preview-grdo.x-tra.it\/en\/negozio\/"},{"@type":"ListItem","position":3,"name":"Bracciale con Cuore medio in oro e cordoncino nautico"}]},{"@type":"WebSite","@id":"https:\/\/preview-grdo.x-tra.it\/en\/#website","url":"https:\/\/preview-grdo.x-tra.it\/en\/","name":"Grando gioielli","description":"","publisher":{"@id":"https:\/\/preview-grdo.x-tra.it\/en\/#organization"},"potentialAction":[{"@type":"SearchAction","target":{"@type":"EntryPoint","urlTemplate":"https:\/\/preview-grdo.x-tra.it\/en\/?s={search_term_string}"},"query-input":"required name=search_term_string"}],"inLanguage":"en-US"},{"@type":"Organization","@id":"https:\/\/preview-grdo.x-tra.it\/en\/#organization","name":"Grando","url":"https:\/\/preview-grdo.x-tra.it\/en\/","logo":{"@type":"ImageObject","inLanguage":"en-US","@id":"https:\/\/preview-grdo.x-tra.it\/en\/#\/schema\/logo\/image\/","url":"https:\/\/preview-grdo.x-tra.it\/wp-content\/uploads\/2018\/10\/grandogioielli_logo_black.png","contentUrl":"https:\/\/preview-grdo.x-tra.it\/wp-content\/uploads\/2018\/10\/grandogioielli_logo_black.png","width":197,"height":102,"caption":"Grando"},"image":{"@id":"https:\/\/preview-grdo.x-tra.it\/en\/#\/schema\/logo\/image\/"}}]}},"uagb_featured_image_src":{"full":["https:\/\/preview-grdo.x-tra.it\/wp-content\/uploads\/2025\/05\/BFILOCUORE2.OR_.ARANCIONE.jpg",2000,2000,false],"thumbnail":["https:\/\/preview-grdo.x-tra.it\/wp-content\/uploads\/2025\/05\/BFILOCUORE2.OR_.ARANCIONE.jpg",600,600,false],"medium":["https:\/\/preview-grdo.x-tra.it\/wp-content\/uploads\/2025\/05\/BFILOCUORE2.OR_.ARANCIONE.jpg",720,720,false],"medium_large":["https:\/\/preview-grdo.x-tra.it\/wp-content\/uploads\/2025\/05\/BFILOCUORE2.OR_.ARANCIONE.jpg",768,768,false],"large":["https:\/\/preview-grdo.x-tra.it\/wp-content\/uploads\/2025\/05\/BFILOCUORE2.OR_.ARANCIONE.jpg",960,960,false],"xframe-shop":["https:\/\/preview-grdo.x-tra.it\/wp-content\/uploads\/2025\/05\/BFILOCUORE2.OR_.ARANCIONE.jpg",1000,1000,false],"1536x1536":["https:\/\/preview-grdo.x-tra.it\/wp-content\/uploads\/2025\/05\/BFILOCUORE2.OR_.ARANCIONE.jpg",1536,1536,false],"2048x2048":["https:\/\/preview-grdo.x-tra.it\/wp-content\/uploads\/2025\/05\/BFILOCUORE2.OR_.ARANCIONE.jpg",2000,2000,false],"trp-custom-language-flag":["https:\/\/preview-grdo.x-tra.it\/wp-content\/uploads\/2025\/05\/BFILOCUORE2.OR_.ARANCIONE.jpg",12,12,false],"home_slider":["https:\/\/preview-grdo.x-tra.it\/wp-content\/uploads\/2025\/05\/BFILOCUORE2.OR_.ARANCIONE.jpg",610,610,false],"woocommerce_thumbnail":["https:\/\/preview-grdo.x-tra.it\/wp-content\/uploads\/2025\/05\/BFILOCUORE2.OR_.ARANCIONE-300x300.jpg",300,300,true],"woocommerce_single":["https:\/\/preview-grdo.x-tra.it\/wp-content\/uploads\/2025\/05\/BFILOCUORE2.OR_.ARANCIONE-600x600.jpg",600,600,true],"woocommerce_gallery_thumbnail":["https:\/\/preview-grdo.x-tra.it\/wp-content\/uploads\/2025\/05\/BFILOCUORE2.OR_.ARANCIONE.jpg",300,300,false]},"uagb_author_info":{"display_name":"XOX XOX","author_link":"https:\/\/preview-grdo.x-tra.it\/en\/author\/"},"uagb_comment_info":0,"uagb_excerpt":"[:it]Un bracciale semplice, ma realizzato con prodotti di qualit\u00e0. Un gioiello da portare in mille occasioni, un regalo da fare a chi ci sta a CUORE. Il ciondolo a forma di cuore \u00e8 realizzato in oro 18 kt ed \u00e8 disponibile in tre varianti di colore, il cordino nautico \u00e8 personalizzabile nella scelta dei colori.&hellip;","_links":{"self":[{"href":"https:\/\/preview-grdo.x-tra.it\/en\/wp-json\/wp\/v2\/product\/37288","targetHints":{"allow":["GET"]}}],"collection":[{"href":"https:\/\/preview-grdo.x-tra.it\/en\/wp-json\/wp\/v2\/product"}],"about":[{"href":"https:\/\/preview-grdo.x-tra.it\/en\/wp-json\/wp\/v2\/types\/product"}],"replies":[{"embeddable":true,"href":"https:\/\/preview-grdo.x-tra.it\/en\/wp-json\/wp\/v2\/comments?post=37288"}],"wp:featuredmedia":[{"embeddable":true,"href":"https:\/\/preview-grdo.x-tra.it\/en\/wp-json\/wp\/v2\/media\/36025"}],"wp:attachment":[{"href":"https:\/\/preview-grdo.x-tra.it\/en\/wp-json\/wp\/v2\/media?parent=37288"}],"wp:term":[{"taxonomy":"product_cat","embeddable":true,"href":"https:\/\/preview-grdo.x-tra.it\/en\/wp-json\/wp\/v2\/product_cat?post=37288"},{"taxonomy":"product_tag","embeddable":true,"href":"https:\/\/preview-grdo.x-tra.it\/en\/wp-json\/wp\/v2\/product_tag?post=37288"}],"curies":[{"name":"wp","href":"https:\/\/api.w.org\/{rel}","templated":true}]}}