{"id":36102,"date":"2025-05-19T10:42:16","date_gmt":"2025-05-19T08:42:16","guid":{"rendered":"https:\/\/preview-grdo.x-tra.it\/prodotto\/bracciale-in-oro-e-diamanti-ct-005\/"},"modified":"2025-05-19T10:42:18","modified_gmt":"2025-05-19T08:42:18","slug":"bracciale-in-oro-e-diamanti-ct-005","status":"publish","type":"product","link":"https:\/\/preview-grdo.x-tra.it\/en\/product\/bracciale-in-oro-e-diamanti-ct-005\/","title":{"rendered":"Bracciale in oro e diamanti ct 0,05"},"content":{"rendered":"<p>Turtle bracelet, a symbol of wisdom, strength, longevity, fertility and stability.<\/p>","protected":false},"excerpt":{"rendered":"<p>Turtle bracelet, a symbol of wisdom, strength, longevity, fertility and stability.<\/p>","protected":false},"featured_media":35031,"comment_status":"open","ping_status":"closed","template":"","meta":{"_acf_changed":false,"_uag_custom_page_level_css":""},"product_cat":[1236],"product_tag":[],"class_list":{"0":"post-36102","1":"product","2":"type-product","3":"status-publish","4":"has-post-thumbnail","6":"brand-grando-gioielli","7":"shops-web","8":"shop_area-gioielleria","10":"first","11":"instock","12":"taxable","13":"shipping-taxable","14":"purchasable","15":"product-type-simple"},"acf":[],"gallery_images":[],"yoast_head":"<!-- This site is optimized with the Yoast SEO plugin v22.4 - https:\/\/yoast.com\/wordpress\/plugins\/seo\/ -->\n<title>Bracciale in oro e diamanti ct 0,05 - Grando gioielli<\/title>\n<meta name=\"robots\" content=\"noindex, follow, max-snippet:-1, max-image-preview:large, max-video-preview:-1\" \/>\n<meta property=\"og:locale\" content=\"en_US\" \/>\n<meta property=\"og:type\" content=\"article\" \/>\n<meta property=\"og:title\" content=\"Bracciale in oro e diamanti ct 0,05 - Grando gioielli\" \/>\n<meta property=\"og:description\" content=\"Turtle bracelet, a symbol of wisdom, strength, longevity, fertility and stability.\" \/>\n<meta property=\"og:url\" content=\"https:\/\/preview-grdo.x-tra.it\/en\/prodotto\/bracciale-in-oro-e-diamanti-ct-005\/\" \/>\n<meta property=\"og:site_name\" content=\"Grando gioielli\" \/>\n<meta property=\"article:modified_time\" content=\"2025-05-19T08:42:18+00:00\" \/>\n<meta name=\"twitter:card\" content=\"summary_large_image\" \/>\n<script type=\"application\/ld+json\" class=\"yoast-schema-graph\">{\"@context\":\"https:\/\/schema.org\",\"@graph\":[{\"@type\":\"WebPage\",\"@id\":\"https:\/\/preview-grdo.x-tra.it\/en\/prodotto\/bracciale-in-oro-e-diamanti-ct-005\/\",\"url\":\"https:\/\/preview-grdo.x-tra.it\/en\/prodotto\/bracciale-in-oro-e-diamanti-ct-005\/\",\"name\":\"Bracciale in oro e diamanti ct 0,05 - Grando gioielli\",\"isPartOf\":{\"@id\":\"https:\/\/preview-grdo.x-tra.it\/en\/#website\"},\"primaryImageOfPage\":{\"@id\":\"https:\/\/preview-grdo.x-tra.it\/en\/prodotto\/bracciale-in-oro-e-diamanti-ct-005\/#primaryimage\"},\"image\":{\"@id\":\"https:\/\/preview-grdo.x-tra.it\/prodotto\/bracciale-in-oro-e-diamanti-ct-005\/#primaryimage\"},\"thumbnailUrl\":\"https:\/\/preview-grdo.x-tra.it\/wp-content\/uploads\/2025\/05\/BS38381G.jpg\",\"datePublished\":\"2025-05-19T08:42:16+00:00\",\"dateModified\":\"2025-05-19T08:42:18+00:00\",\"breadcrumb\":{\"@id\":\"https:\/\/preview-grdo.x-tra.it\/en\/prodotto\/bracciale-in-oro-e-diamanti-ct-005\/#breadcrumb\"},\"inLanguage\":\"en-US\",\"potentialAction\":[{\"@type\":\"ReadAction\",\"target\":[[\"https:\/\/preview-grdo.x-tra.it\/en\/prodotto\/bracciale-in-oro-e-diamanti-ct-005\/\"]]}]},{\"@type\":\"ImageObject\",\"inLanguage\":\"en-US\",\"@id\":\"https:\/\/preview-grdo.x-tra.it\/en\/prodotto\/bracciale-in-oro-e-diamanti-ct-005\/#primaryimage\",\"url\":\"https:\/\/preview-grdo.x-tra.it\/wp-content\/uploads\/2025\/05\/BS38381G.jpg\",\"contentUrl\":\"https:\/\/preview-grdo.x-tra.it\/wp-content\/uploads\/2025\/05\/BS38381G.jpg\",\"width\":1536,\"height\":2048,\"caption\":\"BS38381G.jpg\"},{\"@type\":\"BreadcrumbList\",\"@id\":\"https:\/\/preview-grdo.x-tra.it\/en\/prodotto\/bracciale-in-oro-e-diamanti-ct-005\/#breadcrumb\",\"itemListElement\":[{\"@type\":\"ListItem\",\"position\":1,\"name\":\"Home\",\"item\":\"https:\/\/preview-grdo.x-tra.it\/en\/\"},{\"@type\":\"ListItem\",\"position\":2,\"name\":\"Shop\",\"item\":\"https:\/\/preview-grdo.x-tra.it\/en\/negozio\/\"},{\"@type\":\"ListItem\",\"position\":3,\"name\":\"Bracciale in oro e diamanti ct 0,05\"}]},{\"@type\":\"WebSite\",\"@id\":\"https:\/\/preview-grdo.x-tra.it\/en\/#website\",\"url\":\"https:\/\/preview-grdo.x-tra.it\/en\/\",\"name\":\"Grando gioielli\",\"description\":\"\",\"publisher\":{\"@id\":\"https:\/\/preview-grdo.x-tra.it\/en\/#organization\"},\"potentialAction\":[{\"@type\":\"SearchAction\",\"target\":{\"@type\":\"EntryPoint\",\"urlTemplate\":\"https:\/\/preview-grdo.x-tra.it\/en\/?s={search_term_string}\"},\"query-input\":\"required name=search_term_string\"}],\"inLanguage\":\"en-US\"},{\"@type\":\"Organization\",\"@id\":\"https:\/\/preview-grdo.x-tra.it\/en\/#organization\",\"name\":\"Grando\",\"url\":\"https:\/\/preview-grdo.x-tra.it\/en\/\",\"logo\":{\"@type\":\"ImageObject\",\"inLanguage\":\"en-US\",\"@id\":\"https:\/\/preview-grdo.x-tra.it\/en\/#\/schema\/logo\/image\/\",\"url\":\"https:\/\/preview-grdo.x-tra.it\/wp-content\/uploads\/2018\/10\/grandogioielli_logo_black.png\",\"contentUrl\":\"https:\/\/preview-grdo.x-tra.it\/wp-content\/uploads\/2018\/10\/grandogioielli_logo_black.png\",\"width\":197,\"height\":102,\"caption\":\"Grando\"},\"image\":{\"@id\":\"https:\/\/preview-grdo.x-tra.it\/en\/#\/schema\/logo\/image\/\"}}]}<\/script>\n<!-- \/ Yoast SEO plugin. -->","yoast_head_json":{"title":"Bracciale in oro e diamanti ct 0,05 - Grando gioielli","robots":{"index":"noindex","follow":"follow","max-snippet":"max-snippet:-1","max-image-preview":"max-image-preview:large","max-video-preview":"max-video-preview:-1"},"og_locale":"en_US","og_type":"article","og_title":"Bracciale in oro e diamanti ct 0,05 - Grando gioielli","og_description":"Turtle bracelet, a symbol of wisdom, strength, longevity, fertility and stability.","og_url":"https:\/\/preview-grdo.x-tra.it\/en\/prodotto\/bracciale-in-oro-e-diamanti-ct-005\/","og_site_name":"Grando gioielli","article_modified_time":"2025-05-19T08:42:18+00:00","twitter_card":"summary_large_image","schema":{"@context":"https:\/\/schema.org","@graph":[{"@type":"WebPage","@id":"https:\/\/preview-grdo.x-tra.it\/en\/prodotto\/bracciale-in-oro-e-diamanti-ct-005\/","url":"https:\/\/preview-grdo.x-tra.it\/en\/prodotto\/bracciale-in-oro-e-diamanti-ct-005\/","name":"Bracciale in oro e diamanti ct 0,05 - Grando gioielli","isPartOf":{"@id":"https:\/\/preview-grdo.x-tra.it\/en\/#website"},"primaryImageOfPage":{"@id":"https:\/\/preview-grdo.x-tra.it\/en\/prodotto\/bracciale-in-oro-e-diamanti-ct-005\/#primaryimage"},"image":{"@id":"https:\/\/preview-grdo.x-tra.it\/prodotto\/bracciale-in-oro-e-diamanti-ct-005\/#primaryimage"},"thumbnailUrl":"https:\/\/preview-grdo.x-tra.it\/wp-content\/uploads\/2025\/05\/BS38381G.jpg","datePublished":"2025-05-19T08:42:16+00:00","dateModified":"2025-05-19T08:42:18+00:00","breadcrumb":{"@id":"https:\/\/preview-grdo.x-tra.it\/en\/prodotto\/bracciale-in-oro-e-diamanti-ct-005\/#breadcrumb"},"inLanguage":"en-US","potentialAction":[{"@type":"ReadAction","target":[["https:\/\/preview-grdo.x-tra.it\/en\/prodotto\/bracciale-in-oro-e-diamanti-ct-005\/"]]}]},{"@type":"ImageObject","inLanguage":"en-US","@id":"https:\/\/preview-grdo.x-tra.it\/en\/prodotto\/bracciale-in-oro-e-diamanti-ct-005\/#primaryimage","url":"https:\/\/preview-grdo.x-tra.it\/wp-content\/uploads\/2025\/05\/BS38381G.jpg","contentUrl":"https:\/\/preview-grdo.x-tra.it\/wp-content\/uploads\/2025\/05\/BS38381G.jpg","width":1536,"height":2048,"caption":"BS38381G.jpg"},{"@type":"BreadcrumbList","@id":"https:\/\/preview-grdo.x-tra.it\/en\/prodotto\/bracciale-in-oro-e-diamanti-ct-005\/#breadcrumb","itemListElement":[{"@type":"ListItem","position":1,"name":"Home","item":"https:\/\/preview-grdo.x-tra.it\/en\/"},{"@type":"ListItem","position":2,"name":"Shop","item":"https:\/\/preview-grdo.x-tra.it\/en\/negozio\/"},{"@type":"ListItem","position":3,"name":"Bracciale in oro e diamanti ct 0,05"}]},{"@type":"WebSite","@id":"https:\/\/preview-grdo.x-tra.it\/en\/#website","url":"https:\/\/preview-grdo.x-tra.it\/en\/","name":"Grando gioielli","description":"","publisher":{"@id":"https:\/\/preview-grdo.x-tra.it\/en\/#organization"},"potentialAction":[{"@type":"SearchAction","target":{"@type":"EntryPoint","urlTemplate":"https:\/\/preview-grdo.x-tra.it\/en\/?s={search_term_string}"},"query-input":"required name=search_term_string"}],"inLanguage":"en-US"},{"@type":"Organization","@id":"https:\/\/preview-grdo.x-tra.it\/en\/#organization","name":"Grando","url":"https:\/\/preview-grdo.x-tra.it\/en\/","logo":{"@type":"ImageObject","inLanguage":"en-US","@id":"https:\/\/preview-grdo.x-tra.it\/en\/#\/schema\/logo\/image\/","url":"https:\/\/preview-grdo.x-tra.it\/wp-content\/uploads\/2018\/10\/grandogioielli_logo_black.png","contentUrl":"https:\/\/preview-grdo.x-tra.it\/wp-content\/uploads\/2018\/10\/grandogioielli_logo_black.png","width":197,"height":102,"caption":"Grando"},"image":{"@id":"https:\/\/preview-grdo.x-tra.it\/en\/#\/schema\/logo\/image\/"}}]}},"uagb_featured_image_src":{"full":["https:\/\/preview-grdo.x-tra.it\/wp-content\/uploads\/2025\/05\/BS38381G.jpg",1536,2048,false],"thumbnail":["https:\/\/preview-grdo.x-tra.it\/wp-content\/uploads\/2025\/05\/BS38381G.jpg",450,600,false],"medium":["https:\/\/preview-grdo.x-tra.it\/wp-content\/uploads\/2025\/05\/BS38381G.jpg",540,720,false],"medium_large":["https:\/\/preview-grdo.x-tra.it\/wp-content\/uploads\/2025\/05\/BS38381G.jpg",768,1024,false],"large":["https:\/\/preview-grdo.x-tra.it\/wp-content\/uploads\/2025\/05\/BS38381G.jpg",720,960,false],"xframe-shop":["https:\/\/preview-grdo.x-tra.it\/wp-content\/uploads\/2025\/05\/BS38381G.jpg",750,1000,false],"1536x1536":["https:\/\/preview-grdo.x-tra.it\/wp-content\/uploads\/2025\/05\/BS38381G.jpg",1152,1536,false],"2048x2048":["https:\/\/preview-grdo.x-tra.it\/wp-content\/uploads\/2025\/05\/BS38381G.jpg",1536,2048,false],"trp-custom-language-flag":["https:\/\/preview-grdo.x-tra.it\/wp-content\/uploads\/2025\/05\/BS38381G.jpg",9,12,false],"home_slider":["https:\/\/preview-grdo.x-tra.it\/wp-content\/uploads\/2025\/05\/BS38381G.jpg",458,610,false],"woocommerce_thumbnail":["https:\/\/preview-grdo.x-tra.it\/wp-content\/uploads\/2025\/05\/BS38381G.jpg",300,400,false],"woocommerce_single":["https:\/\/preview-grdo.x-tra.it\/wp-content\/uploads\/2025\/05\/BS38381G-600x600.jpg",600,600,true],"woocommerce_gallery_thumbnail":["https:\/\/preview-grdo.x-tra.it\/wp-content\/uploads\/2025\/05\/BS38381G.jpg",225,300,false]},"uagb_author_info":{"display_name":"XOX XOX","author_link":"https:\/\/preview-grdo.x-tra.it\/en\/author\/"},"uagb_comment_info":0,"uagb_excerpt":"[:en]Turtle bracelet, a symbol of wisdom, strength, longevity, fertility and stability.[:it]Bracciale con tartaruga, un simbolo di saggezza, forza, longevit\u00e0, fertilit\u00e0 e stabilit\u00e0.[:]","_links":{"self":[{"href":"https:\/\/preview-grdo.x-tra.it\/en\/wp-json\/wp\/v2\/product\/36102","targetHints":{"allow":["GET"]}}],"collection":[{"href":"https:\/\/preview-grdo.x-tra.it\/en\/wp-json\/wp\/v2\/product"}],"about":[{"href":"https:\/\/preview-grdo.x-tra.it\/en\/wp-json\/wp\/v2\/types\/product"}],"replies":[{"embeddable":true,"href":"https:\/\/preview-grdo.x-tra.it\/en\/wp-json\/wp\/v2\/comments?post=36102"}],"wp:featuredmedia":[{"embeddable":true,"href":"https:\/\/preview-grdo.x-tra.it\/en\/wp-json\/wp\/v2\/media\/35031"}],"wp:attachment":[{"href":"https:\/\/preview-grdo.x-tra.it\/en\/wp-json\/wp\/v2\/media?parent=36102"}],"wp:term":[{"taxonomy":"product_cat","embeddable":true,"href":"https:\/\/preview-grdo.x-tra.it\/en\/wp-json\/wp\/v2\/product_cat?post=36102"},{"taxonomy":"product_tag","embeddable":true,"href":"https:\/\/preview-grdo.x-tra.it\/en\/wp-json\/wp\/v2\/product_tag?post=36102"}],"curies":[{"name":"wp","href":"https:\/\/api.w.org\/{rel}","templated":true}]}}