{"id":44,"date":"2018-04-27T10:27:38","date_gmt":"2018-04-27T08:27:38","guid":{"rendered":"http:\/\/www.grandogioielli.it\/?page_id=44"},"modified":"2024-10-25T18:24:24","modified_gmt":"2024-10-25T16:24:24","slug":"il-diamante","status":"publish","type":"page","link":"https:\/\/preview-grdo.x-tra.it\/en\/il-diamante\/","title":{"rendered":"Il diamante"},"content":{"rendered":"<p>La qualit\u00e0 del Diamante \u00e8 influenzata da 4 caratteristiche (le 4 C):<br \/>\nil peso (carat), il colore (colour), la purezza (clarity), il taglio (cut)<\/p>","protected":false},"excerpt":{"rendered":"<p>La qualit\u00e0 del Diamante \u00e8 influenzata da 4 caratteristiche (le 4 C): il peso (carat), il colore (colour), la purezza (clarity), il taglio (cut)<\/p>","protected":false},"author":1,"featured_media":97,"parent":0,"menu_order":3,"comment_status":"closed","ping_status":"closed","template":"page_DIAMANTE.php","meta":{"_acf_changed":false,"_uag_custom_page_level_css":"","footnotes":""},"class_list":["post-44","page","type-page","status-publish","has-post-thumbnail","hentry"],"acf":[],"yoast_head":"<!-- This site is optimized with the Yoast SEO plugin v22.4 - https:\/\/yoast.com\/wordpress\/plugins\/seo\/ -->\n<title>La guida al diamante perfetto: cosa devi sapere | Grando Gioiellerie<\/title>\n<meta name=\"description\" content=\"La qualit\u00e0 del diamante \u00e8 caratterizzata da peso, colore, purezza, taglio. Ecco cosa devi sapere per valutare la qualit\u00e0 di un diamante.\" \/>\n<meta name=\"robots\" content=\"noindex, follow, max-snippet:-1, max-image-preview:large, max-video-preview:-1\" \/>\n<meta property=\"og:locale\" content=\"en_US\" \/>\n<meta property=\"og:type\" content=\"article\" \/>\n<meta property=\"og:title\" content=\"La guida al diamante perfetto: cosa devi sapere | Grando Gioiellerie\" \/>\n<meta property=\"og:description\" content=\"La qualit\u00e0 del diamante \u00e8 caratterizzata da peso, colore, purezza, taglio. Ecco cosa devi sapere per valutare la qualit\u00e0 di un diamante.\" \/>\n<meta property=\"og:url\" content=\"https:\/\/preview-grdo.x-tra.it\/en\/il-diamante\/\" \/>\n<meta property=\"og:site_name\" content=\"Grando gioielli\" \/>\n<meta property=\"article:modified_time\" content=\"2024-10-25T16:24:24+00:00\" \/>\n<meta property=\"og:image\" content=\"https:\/\/preview-grdo.x-tra.it\/wp-content\/uploads\/2018\/05\/diamente_cover.jpg\" \/>\n\t<meta property=\"og:image:width\" content=\"1600\" \/>\n\t<meta property=\"og:image:height\" content=\"586\" \/>\n\t<meta property=\"og:image:type\" content=\"image\/jpeg\" \/>\n<meta name=\"twitter:card\" content=\"summary_large_image\" \/>\n<script type=\"application\/ld+json\" class=\"yoast-schema-graph\">{\"@context\":\"https:\/\/schema.org\",\"@graph\":[{\"@type\":\"WebPage\",\"@id\":\"https:\/\/preview-grdo.x-tra.it\/en\/il-diamante\/\",\"url\":\"https:\/\/preview-grdo.x-tra.it\/en\/il-diamante\/\",\"name\":\"La guida al diamante perfetto: cosa devi sapere | Grando Gioiellerie\",\"isPartOf\":{\"@id\":\"https:\/\/preview-grdo.x-tra.it\/en\/#website\"},\"primaryImageOfPage\":{\"@id\":\"https:\/\/preview-grdo.x-tra.it\/en\/il-diamante\/#primaryimage\"},\"image\":{\"@id\":\"https:\/\/preview-grdo.x-tra.it\/il-diamante\/#primaryimage\"},\"thumbnailUrl\":\"https:\/\/preview-grdo.x-tra.it\/wp-content\/uploads\/2018\/05\/diamente_cover.jpg\",\"datePublished\":\"2018-04-27T08:27:38+00:00\",\"dateModified\":\"2024-10-25T16:24:24+00:00\",\"description\":\"La qualit\u00e0 del diamante \u00e8 caratterizzata da peso, colore, purezza, taglio. Ecco cosa devi sapere per valutare la qualit\u00e0 di un diamante.\",\"breadcrumb\":{\"@id\":\"https:\/\/preview-grdo.x-tra.it\/en\/il-diamante\/#breadcrumb\"},\"inLanguage\":\"en-US\",\"potentialAction\":[{\"@type\":\"ReadAction\",\"target\":[[\"https:\/\/preview-grdo.x-tra.it\/en\/il-diamante\/\"]]}]},{\"@type\":\"ImageObject\",\"inLanguage\":\"en-US\",\"@id\":\"https:\/\/preview-grdo.x-tra.it\/en\/il-diamante\/#primaryimage\",\"url\":\"https:\/\/preview-grdo.x-tra.it\/wp-content\/uploads\/2018\/05\/diamente_cover.jpg\",\"contentUrl\":\"https:\/\/preview-grdo.x-tra.it\/wp-content\/uploads\/2018\/05\/diamente_cover.jpg\",\"width\":1600,\"height\":586},{\"@type\":\"BreadcrumbList\",\"@id\":\"https:\/\/preview-grdo.x-tra.it\/en\/il-diamante\/#breadcrumb\",\"itemListElement\":[{\"@type\":\"ListItem\",\"position\":1,\"name\":\"Home\",\"item\":\"https:\/\/preview-grdo.x-tra.it\/en\/\"},{\"@type\":\"ListItem\",\"position\":2,\"name\":\"Il diamante\"}]},{\"@type\":\"WebSite\",\"@id\":\"https:\/\/preview-grdo.x-tra.it\/en\/#website\",\"url\":\"https:\/\/preview-grdo.x-tra.it\/en\/\",\"name\":\"Grando gioielli\",\"description\":\"\",\"publisher\":{\"@id\":\"https:\/\/preview-grdo.x-tra.it\/en\/#organization\"},\"potentialAction\":[{\"@type\":\"SearchAction\",\"target\":{\"@type\":\"EntryPoint\",\"urlTemplate\":\"https:\/\/preview-grdo.x-tra.it\/en\/?s={search_term_string}\"},\"query-input\":\"required name=search_term_string\"}],\"inLanguage\":\"en-US\"},{\"@type\":\"Organization\",\"@id\":\"https:\/\/preview-grdo.x-tra.it\/en\/#organization\",\"name\":\"Grando\",\"url\":\"https:\/\/preview-grdo.x-tra.it\/en\/\",\"logo\":{\"@type\":\"ImageObject\",\"inLanguage\":\"en-US\",\"@id\":\"https:\/\/preview-grdo.x-tra.it\/en\/#\/schema\/logo\/image\/\",\"url\":\"https:\/\/preview-grdo.x-tra.it\/wp-content\/uploads\/2018\/10\/grandogioielli_logo_black.png\",\"contentUrl\":\"https:\/\/preview-grdo.x-tra.it\/wp-content\/uploads\/2018\/10\/grandogioielli_logo_black.png\",\"width\":197,\"height\":102,\"caption\":\"Grando\"},\"image\":{\"@id\":\"https:\/\/preview-grdo.x-tra.it\/en\/#\/schema\/logo\/image\/\"}}]}<\/script>\n<!-- \/ Yoast SEO plugin. -->","yoast_head_json":{"title":"La guida al diamante perfetto: cosa devi sapere | Grando Gioiellerie","description":"La qualit\u00e0 del diamante \u00e8 caratterizzata da peso, colore, purezza, taglio. Ecco cosa devi sapere per valutare la qualit\u00e0 di un diamante.","robots":{"index":"noindex","follow":"follow","max-snippet":"max-snippet:-1","max-image-preview":"max-image-preview:large","max-video-preview":"max-video-preview:-1"},"og_locale":"en_US","og_type":"article","og_title":"La guida al diamante perfetto: cosa devi sapere | Grando Gioiellerie","og_description":"La qualit\u00e0 del diamante \u00e8 caratterizzata da peso, colore, purezza, taglio. Ecco cosa devi sapere per valutare la qualit\u00e0 di un diamante.","og_url":"https:\/\/preview-grdo.x-tra.it\/en\/il-diamante\/","og_site_name":"Grando gioielli","article_modified_time":"2024-10-25T16:24:24+00:00","og_image":[{"width":1600,"height":586,"url":"https:\/\/preview-grdo.x-tra.it\/wp-content\/uploads\/2018\/05\/diamente_cover.jpg","type":"image\/jpeg"}],"twitter_card":"summary_large_image","schema":{"@context":"https:\/\/schema.org","@graph":[{"@type":"WebPage","@id":"https:\/\/preview-grdo.x-tra.it\/en\/il-diamante\/","url":"https:\/\/preview-grdo.x-tra.it\/en\/il-diamante\/","name":"La guida al diamante perfetto: cosa devi sapere | Grando Gioiellerie","isPartOf":{"@id":"https:\/\/preview-grdo.x-tra.it\/en\/#website"},"primaryImageOfPage":{"@id":"https:\/\/preview-grdo.x-tra.it\/en\/il-diamante\/#primaryimage"},"image":{"@id":"https:\/\/preview-grdo.x-tra.it\/il-diamante\/#primaryimage"},"thumbnailUrl":"https:\/\/preview-grdo.x-tra.it\/wp-content\/uploads\/2018\/05\/diamente_cover.jpg","datePublished":"2018-04-27T08:27:38+00:00","dateModified":"2024-10-25T16:24:24+00:00","description":"La qualit\u00e0 del diamante \u00e8 caratterizzata da peso, colore, purezza, taglio. Ecco cosa devi sapere per valutare la qualit\u00e0 di un diamante.","breadcrumb":{"@id":"https:\/\/preview-grdo.x-tra.it\/en\/il-diamante\/#breadcrumb"},"inLanguage":"en-US","potentialAction":[{"@type":"ReadAction","target":[["https:\/\/preview-grdo.x-tra.it\/en\/il-diamante\/"]]}]},{"@type":"ImageObject","inLanguage":"en-US","@id":"https:\/\/preview-grdo.x-tra.it\/en\/il-diamante\/#primaryimage","url":"https:\/\/preview-grdo.x-tra.it\/wp-content\/uploads\/2018\/05\/diamente_cover.jpg","contentUrl":"https:\/\/preview-grdo.x-tra.it\/wp-content\/uploads\/2018\/05\/diamente_cover.jpg","width":1600,"height":586},{"@type":"BreadcrumbList","@id":"https:\/\/preview-grdo.x-tra.it\/en\/il-diamante\/#breadcrumb","itemListElement":[{"@type":"ListItem","position":1,"name":"Home","item":"https:\/\/preview-grdo.x-tra.it\/en\/"},{"@type":"ListItem","position":2,"name":"Il diamante"}]},{"@type":"WebSite","@id":"https:\/\/preview-grdo.x-tra.it\/en\/#website","url":"https:\/\/preview-grdo.x-tra.it\/en\/","name":"Grando gioielli","description":"","publisher":{"@id":"https:\/\/preview-grdo.x-tra.it\/en\/#organization"},"potentialAction":[{"@type":"SearchAction","target":{"@type":"EntryPoint","urlTemplate":"https:\/\/preview-grdo.x-tra.it\/en\/?s={search_term_string}"},"query-input":"required name=search_term_string"}],"inLanguage":"en-US"},{"@type":"Organization","@id":"https:\/\/preview-grdo.x-tra.it\/en\/#organization","name":"Grando","url":"https:\/\/preview-grdo.x-tra.it\/en\/","logo":{"@type":"ImageObject","inLanguage":"en-US","@id":"https:\/\/preview-grdo.x-tra.it\/en\/#\/schema\/logo\/image\/","url":"https:\/\/preview-grdo.x-tra.it\/wp-content\/uploads\/2018\/10\/grandogioielli_logo_black.png","contentUrl":"https:\/\/preview-grdo.x-tra.it\/wp-content\/uploads\/2018\/10\/grandogioielli_logo_black.png","width":197,"height":102,"caption":"Grando"},"image":{"@id":"https:\/\/preview-grdo.x-tra.it\/en\/#\/schema\/logo\/image\/"}}]}},"uagb_featured_image_src":{"full":["https:\/\/preview-grdo.x-tra.it\/wp-content\/uploads\/2018\/05\/diamente_cover.jpg",1600,586,false],"thumbnail":["https:\/\/preview-grdo.x-tra.it\/wp-content\/uploads\/2018\/05\/diamente_cover.jpg",600,220,false],"medium":["https:\/\/preview-grdo.x-tra.it\/wp-content\/uploads\/2018\/05\/diamente_cover.jpg",960,352,false],"medium_large":["https:\/\/preview-grdo.x-tra.it\/wp-content\/uploads\/2018\/05\/diamente_cover.jpg",768,281,false],"large":["https:\/\/preview-grdo.x-tra.it\/wp-content\/uploads\/2018\/05\/diamente_cover.jpg",1400,513,false],"xframe-shop":["https:\/\/preview-grdo.x-tra.it\/wp-content\/uploads\/2018\/05\/diamente_cover.jpg",1000,366,false],"1536x1536":["https:\/\/preview-grdo.x-tra.it\/wp-content\/uploads\/2018\/05\/diamente_cover.jpg",1536,563,false],"2048x2048":["https:\/\/preview-grdo.x-tra.it\/wp-content\/uploads\/2018\/05\/diamente_cover.jpg",1600,586,false],"trp-custom-language-flag":["https:\/\/preview-grdo.x-tra.it\/wp-content\/uploads\/2018\/05\/diamente_cover.jpg",18,7,false],"home_slider":["https:\/\/preview-grdo.x-tra.it\/wp-content\/uploads\/2018\/05\/diamente_cover.jpg",1600,586,false],"woocommerce_thumbnail":["https:\/\/preview-grdo.x-tra.it\/wp-content\/uploads\/2018\/05\/diamente_cover-300x110.jpg",300,110,true],"woocommerce_single":["https:\/\/preview-grdo.x-tra.it\/wp-content\/uploads\/2018\/05\/diamente_cover-600x586.jpg",600,586,true],"woocommerce_gallery_thumbnail":["https:\/\/preview-grdo.x-tra.it\/wp-content\/uploads\/2018\/05\/diamente_cover-300x300.jpg",300,300,true]},"uagb_author_info":{"display_name":"GG_admin","author_link":"https:\/\/preview-grdo.x-tra.it\/en\/author\/gg_admin\/"},"uagb_comment_info":0,"uagb_excerpt":"La qualit\u00e0 del Diamante \u00e8 influenzata da 4 caratteristiche (le 4 C): il peso (carat), il colore (colour), la purezza (clarity), il taglio (cut)","wps_subtitle":"La guida al <strong>diamante perfetto<\/strong>","_links":{"self":[{"href":"https:\/\/preview-grdo.x-tra.it\/en\/wp-json\/wp\/v2\/pages\/44","targetHints":{"allow":["GET"]}}],"collection":[{"href":"https:\/\/preview-grdo.x-tra.it\/en\/wp-json\/wp\/v2\/pages"}],"about":[{"href":"https:\/\/preview-grdo.x-tra.it\/en\/wp-json\/wp\/v2\/types\/page"}],"author":[{"embeddable":true,"href":"https:\/\/preview-grdo.x-tra.it\/en\/wp-json\/wp\/v2\/users\/1"}],"replies":[{"embeddable":true,"href":"https:\/\/preview-grdo.x-tra.it\/en\/wp-json\/wp\/v2\/comments?post=44"}],"version-history":[{"count":3,"href":"https:\/\/preview-grdo.x-tra.it\/en\/wp-json\/wp\/v2\/pages\/44\/revisions"}],"predecessor-version":[{"id":30542,"href":"https:\/\/preview-grdo.x-tra.it\/en\/wp-json\/wp\/v2\/pages\/44\/revisions\/30542"}],"wp:featuredmedia":[{"embeddable":true,"href":"https:\/\/preview-grdo.x-tra.it\/en\/wp-json\/wp\/v2\/media\/97"}],"wp:attachment":[{"href":"https:\/\/preview-grdo.x-tra.it\/en\/wp-json\/wp\/v2\/media?parent=44"}],"curies":[{"name":"wp","href":"https:\/\/api.w.org\/{rel}","templated":true}]}}